{"id":210,"date":"2019-11-23T21:09:17","date_gmt":"2019-11-23T20:09:17","guid":{"rendered":"https:\/\/czterysluby.pl\/?page_id=210"},"modified":"2023-08-05T06:05:15","modified_gmt":"2023-08-05T04:05:15","slug":"ceny-wynajmu-zabytkowych-samochodow-rzeszow","status":"publish","type":"page","link":"https:\/\/czterysluby.pl\/index.php\/ceny-wynajmu-zabytkowych-samochodow-rzeszow\/","title":{"rendered":"Wycena"},"content":{"rendered":"<p><!-- Global site tag (gtag.js) - Google Analytics --><br>\n<script async=\"\" src=\"https:\/\/www.googletagmanager.com\/gtag\/js?id=UA-159318177-1\"><\/script><br>\n<script><br \/>\n  window.dataLayer = window.dataLayer || [];<br \/>\n  function gtag(){dataLayer.push(arguments);}<br \/>\n  gtag('js', new Date());<\/p>\n<p>  gtag('config', 'UA-159318177-1');<br \/>\n<\/script><\/p>\n\n\n<p><\/p>\n\n\n\n<p>Wszystkie ceny ustalane s\u0105 indywidualnie. Na podstawie trzech parametr\u00f3w \u015blubu tj. <\/p>\n\n\n\n<p>&#8211; data \u015blubu, <br>&#8211; trasa przejazdu auta <br>&#8211; wybrany samoch\u00f3d &#8211; wi\u0119cej informacji w sekcji &#8211; <a href=\"https:\/\/czterysluby.pl\/index.php\/jak-wynajmujemy-samochody-do-slubu\/\">Jak wynajmujemy.<\/a><br><br>&#8211; od 2023 obs\u0142ugujemy <strong>TYLKO<\/strong> jeden \u015blub dziennie, nie wynajmujemy aut na godziny ani kilometry <br>&#8211; oferty cenowe s\u0105 wa\u017cne 3 dni<br><br><\/p>\n\n\n\n<p><\/p>\n\n\n\n<p><\/p>\n\n\n\n<p>  <strong>Poznaj cen\u0119 wynajmu ju\u017c teraz, podaj:<\/strong>  <\/p>\n\n\n\n<ul><li>dat\u0119 \u015blubu<\/li><li>samoch\u00f3d (je\u017celi masz ju\u017c upatrzony model)<\/li><li>tras\u0119 przejazdu auta w kilometrach liczon\u0105: wyjazd 36-020 Kielnarowa + trasa przejazdu \u015blubu  + powr\u00f3t 36-020 Kielnarowa. Aby wyliczy\u0107 kilometry skorzystaj z tego <a rel=\"noreferrer noopener\" href=\"https:\/\/www.google.pl\/maps\/dir\/Kielnarowa\/\/\/\/\/Kielnarowa\/@50.0853689,21.6505148,9.34z\/data=!4m18!4m17!1m5!1m1!1s0x473cf72941130e8b:0xdfeb48339c4d4447!2m2!1d22.06975!2d49.965334!1m0!1m0!1m0!1m0!1m5!1m1!1s0x473cf72941130e8b:0xdfeb48339c4d4447!2m2!1d22.06975!2d49.965334!3e0\" target=\"_blank\">linku<\/a> do google maps. <br><br>Czas wynajmu auta nie ma wi\u0119kszego znaczenia przy ustalaniu ceny. <\/li><\/ul>\n\n\n\n<p> Powy\u017csze informacje wy\u015blij na jeden z 4 sposob\u00f3w:  <\/p>\n\n\n\n<ul><li>na tel.  <strong>606 766 711<\/strong> &#8211; pisz lub dzwo\u0144 \u015bmia\u0142o o ka\u017cdej porze<\/li><li>skorzystaj z messengera &#8211; niebieska ikona w prawym dolnym rogu<\/li><li>wy\u015blij maila na <a href=\"mailto:biuro@czterysluby.pl\">biuro@czterysluby.pl<\/a><\/li><li>skorzystaj z formularza poni\u017cej: <\/li><\/ul>\n\n\n\n<p>Je\u017celi nie otrzymasz odpowiedzi w przeci\u0105gu 12 h to znaczy, \u017ce nie otrzymali\u015bmy Twojej informacji. Wtedy najlepiej zadzwoni\u0107.<\/p>\n\n\n\n<div role=\"form\" class=\"wpcf7\" id=\"wpcf7-f5-o1\" lang=\"pl-PL\" dir=\"ltr\">\n<div class=\"screen-reader-response\"><p role=\"status\" aria-live=\"polite\" aria-atomic=\"true\"><\/p> <ul><\/ul><\/div>\n<form action=\"\/index.php\/wp-json\/wp\/v2\/pages\/210#wpcf7-f5-o1\" method=\"post\" class=\"wpcf7-form init\" novalidate=\"novalidate\" data-status=\"init\">\n<div style=\"display: none;\">\n<input type=\"hidden\" name=\"_wpcf7\" value=\"5\" \/>\n<input type=\"hidden\" name=\"_wpcf7_version\" value=\"5.5.6.1\" \/>\n<input type=\"hidden\" name=\"_wpcf7_locale\" value=\"pl_PL\" \/>\n<input type=\"hidden\" name=\"_wpcf7_unit_tag\" value=\"wpcf7-f5-o1\" \/>\n<input type=\"hidden\" name=\"_wpcf7_container_post\" value=\"0\" \/>\n<input type=\"hidden\" name=\"_wpcf7_posted_data_hash\" value=\"\" \/>\n<\/div>\n<p><label> Adres email (wymagane)<br \/>\n    <span class=\"wpcf7-form-control-wrap your-email\"><input type=\"email\" name=\"your-email\" value=\"\" size=\"40\" class=\"wpcf7-form-control wpcf7-text wpcf7-email wpcf7-validates-as-required wpcf7-validates-as-email\" aria-required=\"true\" aria-invalid=\"false\" \/><\/span> <\/label><\/p>\n<p><label> Wpisz dat\u0119, tras\u0119 przejazdu \u015blubu lub tras\u0119 przejazdu auta w kilometrach<br \/>\n    <span class=\"wpcf7-form-control-wrap your-message\"><textarea name=\"your-message\" cols=\"40\" rows=\"10\" class=\"wpcf7-form-control wpcf7-textarea\" aria-invalid=\"false\"><\/textarea><\/span> <\/label><\/p>\n<p><input type=\"submit\" value=\"Wy\u015blij\" class=\"wpcf7-form-control has-spinner wpcf7-submit\" \/><\/p>\n<div class=\"wpcf7-response-output\" aria-hidden=\"true\"><\/div><\/form><\/div>\n","protected":false},"excerpt":{"rendered":"<p>Wszystkie ceny ustalane s\u0105 indywidualnie. Na podstawie trzech parametr\u00f3w \u015blubu tj. &#8211; data \u015blubu, &#8211; trasa przejazdu auta &#8211; wybrany samoch\u00f3d &#8211; wi\u0119cej informacji w sekcji &#8211; Jak wynajmujemy. &#8211; od 2023 obs\u0142ugujemy TYLKO jeden \u015blub dziennie, nie wynajmujemy aut na godziny ani kilometry &#8211; oferty cenowe s\u0105 wa\u017cne 3 dni Poznaj cen\u0119 wynajmu ju\u017c &hellip; <\/p>\n<p class=\"link-more\"><a href=\"https:\/\/czterysluby.pl\/index.php\/ceny-wynajmu-zabytkowych-samochodow-rzeszow\/\" class=\"more-link\">Czytaj dalej<span class=\"screen-reader-text\"> Wycena<\/span><\/a><\/p>\n","protected":false},"author":1,"featured_media":0,"parent":0,"menu_order":0,"comment_status":"closed","ping_status":"closed","template":"","meta":[],"yoast_head":"<!-- This site is optimized with the Yoast SEO plugin v19.4 - https:\/\/yoast.com\/wordpress\/plugins\/seo\/ -->\n<title>Wycena - Wynajem zabytkowych samochod\u00f3w do \u015blubu Rzesz\u00f3w, ca\u0142e woj. Podkarpackie, auto do \u015blubu, limuzyny do \u015blubu<\/title>\n<meta name=\"robots\" content=\"index, follow, max-snippet:-1, max-image-preview:large, max-video-preview:-1\" \/>\n<link rel=\"canonical\" href=\"https:\/\/czterysluby.pl\/index.php\/ceny-wynajmu-zabytkowych-samochodow-rzeszow\/\" \/>\n<meta property=\"og:locale\" content=\"pl_PL\" \/>\n<meta property=\"og:type\" content=\"article\" \/>\n<meta property=\"og:title\" content=\"Wycena - Wynajem zabytkowych samochod\u00f3w do \u015blubu Rzesz\u00f3w, ca\u0142e woj. Podkarpackie, auto do \u015blubu, limuzyny do \u015blubu\" \/>\n<meta property=\"og:description\" content=\"Wszystkie ceny ustalane s\u0105 indywidualnie. Na podstawie trzech parametr\u00f3w \u015blubu tj. &#8211; data \u015blubu, &#8211; trasa przejazdu auta &#8211; wybrany samoch\u00f3d &#8211; wi\u0119cej informacji w sekcji &#8211; Jak wynajmujemy. &#8211; od 2023 obs\u0142ugujemy TYLKO jeden \u015blub dziennie, nie wynajmujemy aut na godziny ani kilometry &#8211; oferty cenowe s\u0105 wa\u017cne 3 dni Poznaj cen\u0119 wynajmu ju\u017c &hellip; Czytaj dalej Wycena\" \/>\n<meta property=\"og:url\" content=\"https:\/\/czterysluby.pl\/index.php\/ceny-wynajmu-zabytkowych-samochodow-rzeszow\/\" \/>\n<meta property=\"og:site_name\" content=\"Wynajem zabytkowych samochod\u00f3w do \u015blubu Rzesz\u00f3w, ca\u0142e woj. Podkarpackie, auto do \u015blubu, limuzyny do \u015blubu\" \/>\n<meta property=\"article:modified_time\" content=\"2023-08-05T04:05:15+00:00\" \/>\n<meta name=\"twitter:card\" content=\"summary_large_image\" \/>\n<meta name=\"twitter:label1\" content=\"Szacowany czas czytania\" \/>\n\t<meta name=\"twitter:data1\" content=\"2 minuty\" \/>\n<script type=\"application\/ld+json\" class=\"yoast-schema-graph\">{\"@context\":\"https:\/\/schema.org\",\"@graph\":[{\"@type\":\"WebSite\",\"@id\":\"https:\/\/czterysluby.pl\/#website\",\"url\":\"https:\/\/czterysluby.pl\/\",\"name\":\"Wynajem zabytkowych samochod\u00f3w do \u015blubu Rzesz\u00f3w, ca\u0142e woj. Podkarpackie, auto do \u015blubu, limuzyny do \u015blubu\",\"description\":\"Wynajem zabytkowych limuzyn i aut retro na wesele, Rzesz\u00f3w, Jaros\u0142aw, D\u0119bica, Mielec, Tarnobrzeg, Sanok, Przemy\u015bl, ca\u0142e Podkarpacie.\",\"potentialAction\":[{\"@type\":\"SearchAction\",\"target\":{\"@type\":\"EntryPoint\",\"urlTemplate\":\"https:\/\/czterysluby.pl\/?s={search_term_string}\"},\"query-input\":\"required name=search_term_string\"}],\"inLanguage\":\"pl-PL\"},{\"@type\":\"WebPage\",\"@id\":\"https:\/\/czterysluby.pl\/index.php\/ceny-wynajmu-zabytkowych-samochodow-rzeszow\/\",\"url\":\"https:\/\/czterysluby.pl\/index.php\/ceny-wynajmu-zabytkowych-samochodow-rzeszow\/\",\"name\":\"Wycena - Wynajem zabytkowych samochod\u00f3w do \u015blubu Rzesz\u00f3w, ca\u0142e woj. Podkarpackie, auto do \u015blubu, limuzyny do \u015blubu\",\"isPartOf\":{\"@id\":\"https:\/\/czterysluby.pl\/#website\"},\"datePublished\":\"2019-11-23T20:09:17+00:00\",\"dateModified\":\"2023-08-05T04:05:15+00:00\",\"breadcrumb\":{\"@id\":\"https:\/\/czterysluby.pl\/index.php\/ceny-wynajmu-zabytkowych-samochodow-rzeszow\/#breadcrumb\"},\"inLanguage\":\"pl-PL\",\"potentialAction\":[{\"@type\":\"ReadAction\",\"target\":[\"https:\/\/czterysluby.pl\/index.php\/ceny-wynajmu-zabytkowych-samochodow-rzeszow\/\"]}]},{\"@type\":\"BreadcrumbList\",\"@id\":\"https:\/\/czterysluby.pl\/index.php\/ceny-wynajmu-zabytkowych-samochodow-rzeszow\/#breadcrumb\",\"itemListElement\":[{\"@type\":\"ListItem\",\"position\":1,\"name\":\"Strona g\u0142\u00f3wna\",\"item\":\"https:\/\/czterysluby.pl\/\"},{\"@type\":\"ListItem\",\"position\":2,\"name\":\"Wycena\"}]}]}<\/script>\n<!-- \/ Yoast SEO plugin. -->","yoast_head_json":{"title":"Wycena - Wynajem zabytkowych samochod\u00f3w do \u015blubu Rzesz\u00f3w, ca\u0142e woj. Podkarpackie, auto do \u015blubu, limuzyny do \u015blubu","robots":{"index":"index","follow":"follow","max-snippet":"max-snippet:-1","max-image-preview":"max-image-preview:large","max-video-preview":"max-video-preview:-1"},"canonical":"https:\/\/czterysluby.pl\/index.php\/ceny-wynajmu-zabytkowych-samochodow-rzeszow\/","og_locale":"pl_PL","og_type":"article","og_title":"Wycena - Wynajem zabytkowych samochod\u00f3w do \u015blubu Rzesz\u00f3w, ca\u0142e woj. Podkarpackie, auto do \u015blubu, limuzyny do \u015blubu","og_description":"Wszystkie ceny ustalane s\u0105 indywidualnie. Na podstawie trzech parametr\u00f3w \u015blubu tj. &#8211; data \u015blubu, &#8211; trasa przejazdu auta &#8211; wybrany samoch\u00f3d &#8211; wi\u0119cej informacji w sekcji &#8211; Jak wynajmujemy. &#8211; od 2023 obs\u0142ugujemy TYLKO jeden \u015blub dziennie, nie wynajmujemy aut na godziny ani kilometry &#8211; oferty cenowe s\u0105 wa\u017cne 3 dni Poznaj cen\u0119 wynajmu ju\u017c &hellip; Czytaj dalej Wycena","og_url":"https:\/\/czterysluby.pl\/index.php\/ceny-wynajmu-zabytkowych-samochodow-rzeszow\/","og_site_name":"Wynajem zabytkowych samochod\u00f3w do \u015blubu Rzesz\u00f3w, ca\u0142e woj. Podkarpackie, auto do \u015blubu, limuzyny do \u015blubu","article_modified_time":"2023-08-05T04:05:15+00:00","twitter_card":"summary_large_image","twitter_misc":{"Szacowany czas czytania":"2 minuty"},"schema":{"@context":"https:\/\/schema.org","@graph":[{"@type":"WebSite","@id":"https:\/\/czterysluby.pl\/#website","url":"https:\/\/czterysluby.pl\/","name":"Wynajem zabytkowych samochod\u00f3w do \u015blubu Rzesz\u00f3w, ca\u0142e woj. Podkarpackie, auto do \u015blubu, limuzyny do \u015blubu","description":"Wynajem zabytkowych limuzyn i aut retro na wesele, Rzesz\u00f3w, Jaros\u0142aw, D\u0119bica, Mielec, Tarnobrzeg, Sanok, Przemy\u015bl, ca\u0142e Podkarpacie.","potentialAction":[{"@type":"SearchAction","target":{"@type":"EntryPoint","urlTemplate":"https:\/\/czterysluby.pl\/?s={search_term_string}"},"query-input":"required name=search_term_string"}],"inLanguage":"pl-PL"},{"@type":"WebPage","@id":"https:\/\/czterysluby.pl\/index.php\/ceny-wynajmu-zabytkowych-samochodow-rzeszow\/","url":"https:\/\/czterysluby.pl\/index.php\/ceny-wynajmu-zabytkowych-samochodow-rzeszow\/","name":"Wycena - Wynajem zabytkowych samochod\u00f3w do \u015blubu Rzesz\u00f3w, ca\u0142e woj. Podkarpackie, auto do \u015blubu, limuzyny do \u015blubu","isPartOf":{"@id":"https:\/\/czterysluby.pl\/#website"},"datePublished":"2019-11-23T20:09:17+00:00","dateModified":"2023-08-05T04:05:15+00:00","breadcrumb":{"@id":"https:\/\/czterysluby.pl\/index.php\/ceny-wynajmu-zabytkowych-samochodow-rzeszow\/#breadcrumb"},"inLanguage":"pl-PL","potentialAction":[{"@type":"ReadAction","target":["https:\/\/czterysluby.pl\/index.php\/ceny-wynajmu-zabytkowych-samochodow-rzeszow\/"]}]},{"@type":"BreadcrumbList","@id":"https:\/\/czterysluby.pl\/index.php\/ceny-wynajmu-zabytkowych-samochodow-rzeszow\/#breadcrumb","itemListElement":[{"@type":"ListItem","position":1,"name":"Strona g\u0142\u00f3wna","item":"https:\/\/czterysluby.pl\/"},{"@type":"ListItem","position":2,"name":"Wycena"}]}]}},"_links":{"self":[{"href":"https:\/\/czterysluby.pl\/index.php\/wp-json\/wp\/v2\/pages\/210"}],"collection":[{"href":"https:\/\/czterysluby.pl\/index.php\/wp-json\/wp\/v2\/pages"}],"about":[{"href":"https:\/\/czterysluby.pl\/index.php\/wp-json\/wp\/v2\/types\/page"}],"author":[{"embeddable":true,"href":"https:\/\/czterysluby.pl\/index.php\/wp-json\/wp\/v2\/users\/1"}],"replies":[{"embeddable":true,"href":"https:\/\/czterysluby.pl\/index.php\/wp-json\/wp\/v2\/comments?post=210"}],"version-history":[{"count":31,"href":"https:\/\/czterysluby.pl\/index.php\/wp-json\/wp\/v2\/pages\/210\/revisions"}],"predecessor-version":[{"id":572,"href":"https:\/\/czterysluby.pl\/index.php\/wp-json\/wp\/v2\/pages\/210\/revisions\/572"}],"wp:attachment":[{"href":"https:\/\/czterysluby.pl\/index.php\/wp-json\/wp\/v2\/media?parent=210"}],"curies":[{"name":"wp","href":"https:\/\/api.w.org\/{rel}","templated":true}]}}