{"id":227,"date":"2019-11-25T21:16:15","date_gmt":"2019-11-25T20:16:15","guid":{"rendered":"https:\/\/czterysluby.pl\/?page_id=227"},"modified":"2021-12-25T08:26:33","modified_gmt":"2021-12-25T07:26:33","slug":"helikopter","status":"publish","type":"page","link":"https:\/\/czterysluby.pl\/index.php\/helikopter\/","title":{"rendered":"Helikopter"},"content":{"rendered":"\n<figure class=\"wp-block-image size-large is-resized\"><img loading=\"lazy\" src=\"https:\/\/czterysluby.pl\/wp-content\/uploads\/2021\/02\/raven.jpg\" alt=\"\" class=\"wp-image-464\" width=\"419\" height=\"236\" srcset=\"https:\/\/czterysluby.pl\/wp-content\/uploads\/2021\/02\/raven.jpg 960w, https:\/\/czterysluby.pl\/wp-content\/uploads\/2021\/02\/raven-300x169.jpg 300w, https:\/\/czterysluby.pl\/wp-content\/uploads\/2021\/02\/raven-768x434.jpg 768w\" sizes=\"(max-width: 419px) 100vw, 419px\" \/><\/figure>\n\n\n\n<p><strong>Cz\u0142owiek od zawsze chcia\u0142 lata\u0107.<\/strong><br>Kt\u00f3\u017c z nas nie marzy\u0142, aby cho\u0107 raz wzbi\u0107 si\u0119 w przestworza i poczu\u0107 si\u0119 wolnym jak ptak. Ju\u017c w mitologii s\u0142ynny Dedal i Ikar odzwierciedlali te marzenia. Obecnie marzenia te s\u0105 na wyci\u0105gni\u0119cie r\u0119ki, mo\u017cemy lata\u0107&nbsp;min.&nbsp;paralotniami, motolotniami, awionetkami, gigantycznymi pasa\u017cerskimi samolotami i oczywi\u015bcie helikopterami. Je\u017celi&nbsp;marzy Ci si\u0119 przelot tym ostatnim to warto przeczyta\u0107 ten artyku\u0142 aby mie\u0107 cho\u0107 blade poj\u0119cie w tym temacie.<\/p>\n\n\n\n<p><strong>Ile kosztuje wynaj\u0119cie helikoptera?<\/strong><br>Zanim&nbsp;odpowiemy na to najwa\u017cniejsze nurtuj\u0105ce Ci\u0119 pytanie najpierw dowiedzmy si\u0119 co trzeba zrobi\u0107 aby aby m\u00f3c realizowa\u0107 takie zlecenia.<\/p>\n\n\n\n<p>Pilot \u2013 wyszkolenie pilota od zera do uprawnie\u0144 lot\u00f3w komercyjnych kosztuje mniej wi\u0119cej tyle, co przyzwoite mieszkanie w Rzeszowie.<\/p>\n\n\n\n<p>Maszyna \u2013 powiedzmy, \u017ce najbardziej popularny Robinson&nbsp;R44&nbsp;Raven&nbsp;\u2013 3 pasa\u017cer\u00f3w + pilot \u2013 nowy kosztuje oko\u0142o  400,000 USD.<\/p>\n\n\n\n<p>Zarejestrowanie maszyny \u2013 g\u0105szcz polskich przepis\u00f3w zwi\u0105zanych z lotnictwem cywilnym jest jak amazo\u0144ska d\u017cungla, temat dla bardzo wytrwa\u0142ych i upartych.<\/p>\n\n\n\n<p>Utrzymanie&nbsp;maszyny &#8211; w&nbsp;2019 Robinson&nbsp;Helicopter&nbsp;Company przedstawi\u0142o \u015bredni roczny koszt utrzymania \u015bmig\u0142owca Robinson&nbsp;R44&nbsp;Raven. Zak\u0142adaj\u0105c, \u017ce maszyna sp\u0119dzi w powietrzu rocznie 500 godzin to utrzymanie jej wyniesie 477 000&nbsp;z\u0142<\/p>\n\n\n\n<p>Sk\u0105d te koszty?<br>Odpowied\u017a znajdziemy w&nbsp;wikipedii&nbsp;&#8211; https:\/\/pl.wikipedia.org\/wiki\/%C5%9Amig%C5%82owiec<br>\u015amig\u0142owiec jest maszyn\u0105, w kt\u00f3rej du\u017ca liczba element\u00f3w konstrukcji jest poddawana obci\u0105\u017ceniom o zmiennej warto\u015bci i kierunku. Obci\u0105\u017cenia te powoduj\u0105 szkodliwe drgania i napr\u0119\u017cenia, a w efekcie zm\u0119czenie materia\u0142u. Z tego wzgl\u0119du wiele element\u00f3w \u015bmig\u0142owca wymaga kosztownych prac serwisowo-naprawczych, co sprawia, \u017ce jego eksploatacja jest du\u017co kosztowniejsza ni\u017c samolotu. W razie zaniedba\u0144 w zakresie przegl\u0105d\u00f3w i remont\u00f3w \u015bmig\u0142owca mo\u017ce doj\u015b\u0107, na skutek zm\u0119czenia materia\u0142u, do p\u0119kni\u0119cia kt\u00f3rego\u015b z istotnych element\u00f3w (np. \u0142opaty wirnika g\u0142\u00f3wnego), co mo\u017ce by\u0107 przyczyn\u0105 powa\u017cnego w skutkach wypadku.<br>Ujmuj\u0105c rzecz&nbsp;kolokwialnie &#8211; zwyk\u0142a&nbsp;niepozorna&nbsp;\u015brubka aby&nbsp;mog\u0142a by\u0107 zastosowana w \u015bmig\u0142owcu musi mie\u0107 atest wi\u0119c kosztuje kilka razy wi\u0119cej ni\u017c odpowiednik z Castoramy i&nbsp;aby j\u0105 przykr\u0119ci\u0107 potrzebny jest mechanik z odpowiednimi uprawnieniami, kt\u00f3re te\u017c musi zdoby\u0107 (czyli zap\u0142aci\u0107 za szkolenie).<\/p>\n\n\n\n<p><strong>Zabieramy si\u0119 za wynajmowanie?<\/strong><br>Dla zobrazowania sytuacji pos\u0142u\u017cymy si\u0119 Panem Jankiem, kt\u00f3ry w sierpniu 2021 ma \u015blub i&nbsp;chc\u0105c da\u0107 upust swojej fantazji pragnie wynaj\u0105\u0107 helikopter na sw\u00f3j \u015blub jako \u015brodek transportu.&nbsp;Prowadzi dobrze prosperuj\u0105c\u0105 firm\u0119, pieni\u0105dze nie s\u0105 problemem.<\/p>\n\n\n\n<p>Mieszka pod Rzeszowem powiedzmy w S\u0119dziszowie a Pani M\u0142oda gdzie\u015b ko\u0142o Przeworska. Chce zrobi\u0107 show i od siebie chce polecie\u0107 helikopterem do Pani M\u0142odej. Helikopter musi mie\u0107 warunki, aby bezpiecznie wyl\u0105dowa\u0107. Dla uproszczenia zar\u00f3wno ko\u0142o domu Pana&nbsp;Janka jak i&nbsp;jego narzeczonej jest du\u017ca r\u00f3wna \u0142\u0105ka o wymiarach&nbsp;60&#215;60&nbsp;metr\u00f3w, bez napowietrznych sieci elektrycznych i telekomunikacyjnych idealna, aby l\u0105dowa\u0107.<\/p>\n\n\n\n<p><strong>Ile to kosztuje?<\/strong><br>Koszt obs\u0142ugi Twojego marzenia mo\u017ce kosztowa\u0107 3,&nbsp;5, 7&nbsp;tys&nbsp;z\u0142 a g\u00f3rnej granicy w\u0142a\u015bciwie nie ma. Wszystko&nbsp;zale\u017cy od tego gdzie ma si\u0119 odby\u0107 lot i&nbsp;jak\u0105 maszyn\u0105. Pami\u0119taj, \u017ce liczy si\u0119 czas lotu od momentu startu \u015bmig\u0142owca z siedziby firmy do jej powrotu. To, \u017ce&nbsp;masz do przelecnia 10 km nie oznacza,&nbsp;\u017ce b\u0119dzie tanio. Teoretycznie mo\u017cna obni\u017cy\u0107 koszt wynajmu je\u017cli maszyna na danym terenie obs\u0142u\u017cy dwa \u015bluby tego samego dnia.<\/p>\n\n\n\n<p><strong>Gdzie szukamy takiej us\u0142ugi?<\/strong><br>Wystarczy wpisa\u0107 w google &#8222;helikopter na \u015blub&#8221; i oto co znajdziemy:<br><br>helipoland.com\/pl\/wynajem\/zareczyny-slub-wesele-helikopterem\/<br><br>polcopter.pl\/oferta<br><br>heli24.pl\/lot-slubny-smiglowcem<br><br>https:\/\/www.deutsche-helikopter.pl\/transfer-osob\/wesela.html<br><br>Jedna z powy\u017cszych firm wyceni\u0142a marzenie Pana Janka na 3 000 z\u0142 a inna na 8 000 z\u0142. No c\u00f3\u017c, czy to tanio czy drogo to ju\u017c poj\u0119cie wzgl\u0119dne. <br><\/p>\n\n\n\n<p><strong>Co ludzie powiedz\u0105&#8230;<\/strong><br>Na koniec warto jeszcze wspomnie\u0107 o konsekwencjach nazwijmy to&#8230; spo\u0142ecznych takiego przedsi\u0119wzi\u0119cia. Mo\u017ce zdarzy\u0107, \u017ce wynaj\u0119cie helikoptera zostanie odebrane przez rodzin\u0119 i go\u015bci w spos\u00f3b nie doko\u0144ca przez Ciebie akceptowany. <br><\/p>\n","protected":false},"excerpt":{"rendered":"<p>Cz\u0142owiek od zawsze chcia\u0142 lata\u0107.Kt\u00f3\u017c z nas nie marzy\u0142, aby cho\u0107 raz wzbi\u0107 si\u0119 w przestworza i poczu\u0107 si\u0119 wolnym jak ptak. Ju\u017c w mitologii s\u0142ynny Dedal i Ikar odzwierciedlali te marzenia. Obecnie marzenia te s\u0105 na wyci\u0105gni\u0119cie r\u0119ki, mo\u017cemy lata\u0107&nbsp;min.&nbsp;paralotniami, motolotniami, awionetkami, gigantycznymi pasa\u017cerskimi samolotami i oczywi\u015bcie helikopterami. Je\u017celi&nbsp;marzy Ci si\u0119 przelot tym ostatnim &hellip; <\/p>\n<p class=\"link-more\"><a href=\"https:\/\/czterysluby.pl\/index.php\/helikopter\/\" class=\"more-link\">Czytaj dalej<span class=\"screen-reader-text\"> Helikopter<\/span><\/a><\/p>\n","protected":false},"author":1,"featured_media":0,"parent":0,"menu_order":0,"comment_status":"closed","ping_status":"closed","template":"","meta":[],"yoast_head":"<!-- This site is optimized with the Yoast SEO plugin v19.4 - https:\/\/yoast.com\/wordpress\/plugins\/seo\/ -->\n<title>Helikopter - Wynajem zabytkowych samochod\u00f3w do \u015blubu Rzesz\u00f3w, ca\u0142e woj. Podkarpackie, auto do \u015blubu, limuzyny do \u015blubu<\/title>\n<meta name=\"robots\" content=\"index, follow, max-snippet:-1, max-image-preview:large, max-video-preview:-1\" \/>\n<link rel=\"canonical\" href=\"https:\/\/czterysluby.pl\/index.php\/helikopter\/\" \/>\n<meta property=\"og:locale\" content=\"pl_PL\" \/>\n<meta property=\"og:type\" content=\"article\" \/>\n<meta property=\"og:title\" content=\"Helikopter - Wynajem zabytkowych samochod\u00f3w do \u015blubu Rzesz\u00f3w, ca\u0142e woj. Podkarpackie, auto do \u015blubu, limuzyny do \u015blubu\" \/>\n<meta property=\"og:description\" content=\"Cz\u0142owiek od zawsze chcia\u0142 lata\u0107.Kt\u00f3\u017c z nas nie marzy\u0142, aby cho\u0107 raz wzbi\u0107 si\u0119 w przestworza i poczu\u0107 si\u0119 wolnym jak ptak. Ju\u017c w mitologii s\u0142ynny Dedal i Ikar odzwierciedlali te marzenia. Obecnie marzenia te s\u0105 na wyci\u0105gni\u0119cie r\u0119ki, mo\u017cemy lata\u0107&nbsp;min.&nbsp;paralotniami, motolotniami, awionetkami, gigantycznymi pasa\u017cerskimi samolotami i oczywi\u015bcie helikopterami. Je\u017celi&nbsp;marzy Ci si\u0119 przelot tym ostatnim &hellip; Czytaj dalej Helikopter\" \/>\n<meta property=\"og:url\" content=\"https:\/\/czterysluby.pl\/index.php\/helikopter\/\" \/>\n<meta property=\"og:site_name\" content=\"Wynajem zabytkowych samochod\u00f3w do \u015blubu Rzesz\u00f3w, ca\u0142e woj. Podkarpackie, auto do \u015blubu, limuzyny do \u015blubu\" \/>\n<meta property=\"article:modified_time\" content=\"2021-12-25T07:26:33+00:00\" \/>\n<meta property=\"og:image\" content=\"https:\/\/czterysluby.pl\/wp-content\/uploads\/2021\/02\/raven.jpg\" \/>\n<meta name=\"twitter:card\" content=\"summary_large_image\" \/>\n<meta name=\"twitter:label1\" content=\"Szacowany czas czytania\" \/>\n\t<meta name=\"twitter:data1\" content=\"4 minuty\" \/>\n<script type=\"application\/ld+json\" class=\"yoast-schema-graph\">{\"@context\":\"https:\/\/schema.org\",\"@graph\":[{\"@type\":\"WebSite\",\"@id\":\"https:\/\/czterysluby.pl\/#website\",\"url\":\"https:\/\/czterysluby.pl\/\",\"name\":\"Wynajem zabytkowych samochod\u00f3w do \u015blubu Rzesz\u00f3w, ca\u0142e woj. Podkarpackie, auto do \u015blubu, limuzyny do \u015blubu\",\"description\":\"Wynajem zabytkowych limuzyn i aut retro na wesele, Rzesz\u00f3w, Jaros\u0142aw, D\u0119bica, Mielec, Tarnobrzeg, Sanok, Przemy\u015bl, ca\u0142e Podkarpacie.\",\"potentialAction\":[{\"@type\":\"SearchAction\",\"target\":{\"@type\":\"EntryPoint\",\"urlTemplate\":\"https:\/\/czterysluby.pl\/?s={search_term_string}\"},\"query-input\":\"required name=search_term_string\"}],\"inLanguage\":\"pl-PL\"},{\"@type\":\"WebPage\",\"@id\":\"https:\/\/czterysluby.pl\/index.php\/helikopter\/\",\"url\":\"https:\/\/czterysluby.pl\/index.php\/helikopter\/\",\"name\":\"Helikopter - Wynajem zabytkowych samochod\u00f3w do \u015blubu Rzesz\u00f3w, ca\u0142e woj. Podkarpackie, auto do \u015blubu, limuzyny do \u015blubu\",\"isPartOf\":{\"@id\":\"https:\/\/czterysluby.pl\/#website\"},\"datePublished\":\"2019-11-25T20:16:15+00:00\",\"dateModified\":\"2021-12-25T07:26:33+00:00\",\"breadcrumb\":{\"@id\":\"https:\/\/czterysluby.pl\/index.php\/helikopter\/#breadcrumb\"},\"inLanguage\":\"pl-PL\",\"potentialAction\":[{\"@type\":\"ReadAction\",\"target\":[\"https:\/\/czterysluby.pl\/index.php\/helikopter\/\"]}]},{\"@type\":\"BreadcrumbList\",\"@id\":\"https:\/\/czterysluby.pl\/index.php\/helikopter\/#breadcrumb\",\"itemListElement\":[{\"@type\":\"ListItem\",\"position\":1,\"name\":\"Strona g\u0142\u00f3wna\",\"item\":\"https:\/\/czterysluby.pl\/\"},{\"@type\":\"ListItem\",\"position\":2,\"name\":\"Helikopter\"}]}]}<\/script>\n<!-- \/ Yoast SEO plugin. -->","yoast_head_json":{"title":"Helikopter - Wynajem zabytkowych samochod\u00f3w do \u015blubu Rzesz\u00f3w, ca\u0142e woj. Podkarpackie, auto do \u015blubu, limuzyny do \u015blubu","robots":{"index":"index","follow":"follow","max-snippet":"max-snippet:-1","max-image-preview":"max-image-preview:large","max-video-preview":"max-video-preview:-1"},"canonical":"https:\/\/czterysluby.pl\/index.php\/helikopter\/","og_locale":"pl_PL","og_type":"article","og_title":"Helikopter - Wynajem zabytkowych samochod\u00f3w do \u015blubu Rzesz\u00f3w, ca\u0142e woj. Podkarpackie, auto do \u015blubu, limuzyny do \u015blubu","og_description":"Cz\u0142owiek od zawsze chcia\u0142 lata\u0107.Kt\u00f3\u017c z nas nie marzy\u0142, aby cho\u0107 raz wzbi\u0107 si\u0119 w przestworza i poczu\u0107 si\u0119 wolnym jak ptak. Ju\u017c w mitologii s\u0142ynny Dedal i Ikar odzwierciedlali te marzenia. Obecnie marzenia te s\u0105 na wyci\u0105gni\u0119cie r\u0119ki, mo\u017cemy lata\u0107&nbsp;min.&nbsp;paralotniami, motolotniami, awionetkami, gigantycznymi pasa\u017cerskimi samolotami i oczywi\u015bcie helikopterami. Je\u017celi&nbsp;marzy Ci si\u0119 przelot tym ostatnim &hellip; Czytaj dalej Helikopter","og_url":"https:\/\/czterysluby.pl\/index.php\/helikopter\/","og_site_name":"Wynajem zabytkowych samochod\u00f3w do \u015blubu Rzesz\u00f3w, ca\u0142e woj. Podkarpackie, auto do \u015blubu, limuzyny do \u015blubu","article_modified_time":"2021-12-25T07:26:33+00:00","og_image":[{"url":"https:\/\/czterysluby.pl\/wp-content\/uploads\/2021\/02\/raven.jpg"}],"twitter_card":"summary_large_image","twitter_misc":{"Szacowany czas czytania":"4 minuty"},"schema":{"@context":"https:\/\/schema.org","@graph":[{"@type":"WebSite","@id":"https:\/\/czterysluby.pl\/#website","url":"https:\/\/czterysluby.pl\/","name":"Wynajem zabytkowych samochod\u00f3w do \u015blubu Rzesz\u00f3w, ca\u0142e woj. Podkarpackie, auto do \u015blubu, limuzyny do \u015blubu","description":"Wynajem zabytkowych limuzyn i aut retro na wesele, Rzesz\u00f3w, Jaros\u0142aw, D\u0119bica, Mielec, Tarnobrzeg, Sanok, Przemy\u015bl, ca\u0142e Podkarpacie.","potentialAction":[{"@type":"SearchAction","target":{"@type":"EntryPoint","urlTemplate":"https:\/\/czterysluby.pl\/?s={search_term_string}"},"query-input":"required name=search_term_string"}],"inLanguage":"pl-PL"},{"@type":"WebPage","@id":"https:\/\/czterysluby.pl\/index.php\/helikopter\/","url":"https:\/\/czterysluby.pl\/index.php\/helikopter\/","name":"Helikopter - Wynajem zabytkowych samochod\u00f3w do \u015blubu Rzesz\u00f3w, ca\u0142e woj. Podkarpackie, auto do \u015blubu, limuzyny do \u015blubu","isPartOf":{"@id":"https:\/\/czterysluby.pl\/#website"},"datePublished":"2019-11-25T20:16:15+00:00","dateModified":"2021-12-25T07:26:33+00:00","breadcrumb":{"@id":"https:\/\/czterysluby.pl\/index.php\/helikopter\/#breadcrumb"},"inLanguage":"pl-PL","potentialAction":[{"@type":"ReadAction","target":["https:\/\/czterysluby.pl\/index.php\/helikopter\/"]}]},{"@type":"BreadcrumbList","@id":"https:\/\/czterysluby.pl\/index.php\/helikopter\/#breadcrumb","itemListElement":[{"@type":"ListItem","position":1,"name":"Strona g\u0142\u00f3wna","item":"https:\/\/czterysluby.pl\/"},{"@type":"ListItem","position":2,"name":"Helikopter"}]}]}},"_links":{"self":[{"href":"https:\/\/czterysluby.pl\/index.php\/wp-json\/wp\/v2\/pages\/227"}],"collection":[{"href":"https:\/\/czterysluby.pl\/index.php\/wp-json\/wp\/v2\/pages"}],"about":[{"href":"https:\/\/czterysluby.pl\/index.php\/wp-json\/wp\/v2\/types\/page"}],"author":[{"embeddable":true,"href":"https:\/\/czterysluby.pl\/index.php\/wp-json\/wp\/v2\/users\/1"}],"replies":[{"embeddable":true,"href":"https:\/\/czterysluby.pl\/index.php\/wp-json\/wp\/v2\/comments?post=227"}],"version-history":[{"count":26,"href":"https:\/\/czterysluby.pl\/index.php\/wp-json\/wp\/v2\/pages\/227\/revisions"}],"predecessor-version":[{"id":550,"href":"https:\/\/czterysluby.pl\/index.php\/wp-json\/wp\/v2\/pages\/227\/revisions\/550"}],"wp:attachment":[{"href":"https:\/\/czterysluby.pl\/index.php\/wp-json\/wp\/v2\/media?parent=227"}],"curies":[{"name":"wp","href":"https:\/\/api.w.org\/{rel}","templated":true}]}}