{"id":9,"date":"2019-11-23T08:36:12","date_gmt":"2019-11-23T07:36:12","guid":{"rendered":"http:\/\/czterysluby.pl\/?page_id=9"},"modified":"2023-01-28T10:28:27","modified_gmt":"2023-01-28T09:28:27","slug":"strona-glowna","status":"publish","type":"page","link":"https:\/\/czterysluby.pl\/","title":{"rendered":"Aktualno\u015bci"},"content":{"rendered":"\n<p>Zapraszamy do rezerwacji aut na 2023 i 2024. <\/p>\n\n\n\n<p><\/p>\n\n\n\n<p>Samochody mo\u017cna wynajmowa\u0107 na terenie Rzeszowa, Jaros\u0142awia, Przemy\u015bla, Sanoka, Jas\u0142a, Krosna, D\u0119bicy, <a href=\"https:\/\/czterysluby.pl\/index.php\/zabytkowe-auta-do-slubu-mielec\/\">Mielca<\/a>, Tarnobrzega i innych miejsc woj. Podkarpackiego i wojew\u00f3dztw o\u015bciennych.  Stworzyli\u015bmy te\u017c baz\u0119 wiedzy czyli cenne informacje, kt\u00f3re przydadz\u0105 si\u0119 ka\u017cdemu kto planuje \u015blub i b\u0119dzie chcia\u0142 wynaj\u0105\u0107 samoch\u00f3d.<\/p>\n\n\n\n<p><strong>Dlaczego warto skorzysta\u0107 z naszych us\u0142ug ?<\/strong><\/p>\n\n\n\n<p>Istniejemy od 2007 r.   <\/p>\n\n\n\n<p>Ju\u017c ponad kilkaset M\u0142odych Par wynaj\u0119\u0142o nasze auta retro na terenie Rzeszowa i woj. Podkarpackiego<\/p>\n\n\n\n<p>Bogata gama zabytkowych samochod\u00f3w. <\/p>\n\n\n\n<p>Wszystkie zabytkowe auta s\u0105 w ca\u0142o\u015bci oryginalne. <\/p>\n\n\n\n<p>Jasne zasady wynajmu, bez ukrytych koszt\u00f3w.  Wiesz ile p\u0142acisz i za co.<\/p>\n\n\n\n<center>\n<a href=\"https:\/\/www.samochody-weselne.pl\/\" title=\"Samochody-Weselne.pl - POLECAMY\"><img src=\"https:\/\/static.organizacja-wesel.pl\/templates\/default\/img\/banner\/katalog\/weselny.png\" alt=\"Polecamy t\u0105 stron\u0119\"\/><\/a>\n","protected":false},"excerpt":{"rendered":"<p>Zapraszamy do rezerwacji aut na 2023 i 2024. Samochody mo\u017cna wynajmowa\u0107 na terenie Rzeszowa, Jaros\u0142awia, Przemy\u015bla, Sanoka, Jas\u0142a, Krosna, D\u0119bicy, Mielca, Tarnobrzega i innych miejsc woj. Podkarpackiego i wojew\u00f3dztw o\u015bciennych. Stworzyli\u015bmy te\u017c baz\u0119 wiedzy czyli cenne informacje, kt\u00f3re przydadz\u0105 si\u0119 ka\u017cdemu kto planuje \u015blub i b\u0119dzie chcia\u0142 wynaj\u0105\u0107 samoch\u00f3d. Dlaczego warto skorzysta\u0107 z naszych us\u0142ug &hellip; <\/p>\n<p class=\"link-more\"><a href=\"https:\/\/czterysluby.pl\/\" class=\"more-link\">Czytaj dalej<span class=\"screen-reader-text\"> Aktualno\u015bci<\/span><\/a><\/p>\n","protected":false},"author":1,"featured_media":0,"parent":0,"menu_order":0,"comment_status":"open","ping_status":"closed","template":"","meta":[],"yoast_head":"<!-- This site is optimized with the Yoast SEO plugin v19.4 - https:\/\/yoast.com\/wordpress\/plugins\/seo\/ -->\n<title>Aktualno\u015bci - Wynajem zabytkowych samochod\u00f3w do \u015blubu Rzesz\u00f3w, ca\u0142e woj. Podkarpackie, auto do \u015blubu, limuzyny do \u015blubu<\/title>\n<meta name=\"description\" content=\"auta do \u015blubu rzesz\u00f3w, zabytkowe limuzyny rzesz\u00f3w, samochody \u015blubne podkarpacie, wynajem aut do \u015blubu rzesz\u00f3w\" \/>\n<meta name=\"robots\" content=\"index, follow, max-snippet:-1, max-image-preview:large, max-video-preview:-1\" \/>\n<link rel=\"canonical\" href=\"https:\/\/czterysluby.pl\/\" \/>\n<meta property=\"og:locale\" content=\"pl_PL\" \/>\n<meta property=\"og:type\" content=\"article\" \/>\n<meta property=\"og:title\" content=\"Aktualno\u015bci - Wynajem zabytkowych samochod\u00f3w do \u015blubu Rzesz\u00f3w, ca\u0142e woj. Podkarpackie, auto do \u015blubu, limuzyny do \u015blubu\" \/>\n<meta property=\"og:description\" content=\"auta do \u015blubu rzesz\u00f3w, zabytkowe limuzyny rzesz\u00f3w, samochody \u015blubne podkarpacie, wynajem aut do \u015blubu rzesz\u00f3w\" \/>\n<meta property=\"og:url\" content=\"https:\/\/czterysluby.pl\/\" \/>\n<meta property=\"og:site_name\" content=\"Wynajem zabytkowych samochod\u00f3w do \u015blubu Rzesz\u00f3w, ca\u0142e woj. Podkarpackie, auto do \u015blubu, limuzyny do \u015blubu\" \/>\n<meta property=\"article:modified_time\" content=\"2023-01-28T09:28:27+00:00\" \/>\n<meta property=\"og:image\" content=\"https:\/\/static.organizacja-wesel.pl\/templates\/default\/img\/banner\/katalog\/weselny.png\" \/>\n<meta name=\"twitter:card\" content=\"summary_large_image\" \/>\n<meta name=\"twitter:label1\" content=\"Szacowany czas czytania\" \/>\n\t<meta name=\"twitter:data1\" content=\"1 minuta\" \/>\n<script type=\"application\/ld+json\" class=\"yoast-schema-graph\">{\"@context\":\"https:\/\/schema.org\",\"@graph\":[{\"@type\":\"WebSite\",\"@id\":\"https:\/\/czterysluby.pl\/#website\",\"url\":\"https:\/\/czterysluby.pl\/\",\"name\":\"Wynajem zabytkowych samochod\u00f3w do \u015blubu Rzesz\u00f3w, ca\u0142e woj. Podkarpackie, auto do \u015blubu, limuzyny do \u015blubu\",\"description\":\"Wynajem zabytkowych limuzyn i aut retro na wesele, Rzesz\u00f3w, Jaros\u0142aw, D\u0119bica, Mielec, Tarnobrzeg, Sanok, Przemy\u015bl, ca\u0142e Podkarpacie.\",\"potentialAction\":[{\"@type\":\"SearchAction\",\"target\":{\"@type\":\"EntryPoint\",\"urlTemplate\":\"https:\/\/czterysluby.pl\/?s={search_term_string}\"},\"query-input\":\"required name=search_term_string\"}],\"inLanguage\":\"pl-PL\"},{\"@type\":\"WebPage\",\"@id\":\"https:\/\/czterysluby.pl\/\",\"url\":\"https:\/\/czterysluby.pl\/\",\"name\":\"Aktualno\u015bci - Wynajem zabytkowych samochod\u00f3w do \u015blubu Rzesz\u00f3w, ca\u0142e woj. Podkarpackie, auto do \u015blubu, limuzyny do \u015blubu\",\"isPartOf\":{\"@id\":\"https:\/\/czterysluby.pl\/#website\"},\"datePublished\":\"2019-11-23T07:36:12+00:00\",\"dateModified\":\"2023-01-28T09:28:27+00:00\",\"description\":\"auta do \u015blubu rzesz\u00f3w, zabytkowe limuzyny rzesz\u00f3w, samochody \u015blubne podkarpacie, wynajem aut do \u015blubu rzesz\u00f3w\",\"breadcrumb\":{\"@id\":\"https:\/\/czterysluby.pl\/#breadcrumb\"},\"inLanguage\":\"pl-PL\",\"potentialAction\":[{\"@type\":\"ReadAction\",\"target\":[\"https:\/\/czterysluby.pl\/\"]}]},{\"@type\":\"BreadcrumbList\",\"@id\":\"https:\/\/czterysluby.pl\/#breadcrumb\",\"itemListElement\":[{\"@type\":\"ListItem\",\"position\":1,\"name\":\"Strona g\u0142\u00f3wna\",\"item\":\"https:\/\/czterysluby.pl\/\"},{\"@type\":\"ListItem\",\"position\":2,\"name\":\"Aktualno\u015bci\"}]}]}<\/script>\n<!-- \/ Yoast SEO plugin. -->","yoast_head_json":{"title":"Aktualno\u015bci - Wynajem zabytkowych samochod\u00f3w do \u015blubu Rzesz\u00f3w, ca\u0142e woj. Podkarpackie, auto do \u015blubu, limuzyny do \u015blubu","description":"auta do \u015blubu rzesz\u00f3w, zabytkowe limuzyny rzesz\u00f3w, samochody \u015blubne podkarpacie, wynajem aut do \u015blubu rzesz\u00f3w","robots":{"index":"index","follow":"follow","max-snippet":"max-snippet:-1","max-image-preview":"max-image-preview:large","max-video-preview":"max-video-preview:-1"},"canonical":"https:\/\/czterysluby.pl\/","og_locale":"pl_PL","og_type":"article","og_title":"Aktualno\u015bci - Wynajem zabytkowych samochod\u00f3w do \u015blubu Rzesz\u00f3w, ca\u0142e woj. Podkarpackie, auto do \u015blubu, limuzyny do \u015blubu","og_description":"auta do \u015blubu rzesz\u00f3w, zabytkowe limuzyny rzesz\u00f3w, samochody \u015blubne podkarpacie, wynajem aut do \u015blubu rzesz\u00f3w","og_url":"https:\/\/czterysluby.pl\/","og_site_name":"Wynajem zabytkowych samochod\u00f3w do \u015blubu Rzesz\u00f3w, ca\u0142e woj. Podkarpackie, auto do \u015blubu, limuzyny do \u015blubu","article_modified_time":"2023-01-28T09:28:27+00:00","og_image":[{"url":"https:\/\/static.organizacja-wesel.pl\/templates\/default\/img\/banner\/katalog\/weselny.png"}],"twitter_card":"summary_large_image","twitter_misc":{"Szacowany czas czytania":"1 minuta"},"schema":{"@context":"https:\/\/schema.org","@graph":[{"@type":"WebSite","@id":"https:\/\/czterysluby.pl\/#website","url":"https:\/\/czterysluby.pl\/","name":"Wynajem zabytkowych samochod\u00f3w do \u015blubu Rzesz\u00f3w, ca\u0142e woj. Podkarpackie, auto do \u015blubu, limuzyny do \u015blubu","description":"Wynajem zabytkowych limuzyn i aut retro na wesele, Rzesz\u00f3w, Jaros\u0142aw, D\u0119bica, Mielec, Tarnobrzeg, Sanok, Przemy\u015bl, ca\u0142e Podkarpacie.","potentialAction":[{"@type":"SearchAction","target":{"@type":"EntryPoint","urlTemplate":"https:\/\/czterysluby.pl\/?s={search_term_string}"},"query-input":"required name=search_term_string"}],"inLanguage":"pl-PL"},{"@type":"WebPage","@id":"https:\/\/czterysluby.pl\/","url":"https:\/\/czterysluby.pl\/","name":"Aktualno\u015bci - Wynajem zabytkowych samochod\u00f3w do \u015blubu Rzesz\u00f3w, ca\u0142e woj. Podkarpackie, auto do \u015blubu, limuzyny do \u015blubu","isPartOf":{"@id":"https:\/\/czterysluby.pl\/#website"},"datePublished":"2019-11-23T07:36:12+00:00","dateModified":"2023-01-28T09:28:27+00:00","description":"auta do \u015blubu rzesz\u00f3w, zabytkowe limuzyny rzesz\u00f3w, samochody \u015blubne podkarpacie, wynajem aut do \u015blubu rzesz\u00f3w","breadcrumb":{"@id":"https:\/\/czterysluby.pl\/#breadcrumb"},"inLanguage":"pl-PL","potentialAction":[{"@type":"ReadAction","target":["https:\/\/czterysluby.pl\/"]}]},{"@type":"BreadcrumbList","@id":"https:\/\/czterysluby.pl\/#breadcrumb","itemListElement":[{"@type":"ListItem","position":1,"name":"Strona g\u0142\u00f3wna","item":"https:\/\/czterysluby.pl\/"},{"@type":"ListItem","position":2,"name":"Aktualno\u015bci"}]}]}},"_links":{"self":[{"href":"https:\/\/czterysluby.pl\/index.php\/wp-json\/wp\/v2\/pages\/9"}],"collection":[{"href":"https:\/\/czterysluby.pl\/index.php\/wp-json\/wp\/v2\/pages"}],"about":[{"href":"https:\/\/czterysluby.pl\/index.php\/wp-json\/wp\/v2\/types\/page"}],"author":[{"embeddable":true,"href":"https:\/\/czterysluby.pl\/index.php\/wp-json\/wp\/v2\/users\/1"}],"replies":[{"embeddable":true,"href":"https:\/\/czterysluby.pl\/index.php\/wp-json\/wp\/v2\/comments?post=9"}],"version-history":[{"count":18,"href":"https:\/\/czterysluby.pl\/index.php\/wp-json\/wp\/v2\/pages\/9\/revisions"}],"predecessor-version":[{"id":564,"href":"https:\/\/czterysluby.pl\/index.php\/wp-json\/wp\/v2\/pages\/9\/revisions\/564"}],"wp:attachment":[{"href":"https:\/\/czterysluby.pl\/index.php\/wp-json\/wp\/v2\/media?parent=9"}],"curies":[{"name":"wp","href":"https:\/\/api.w.org\/{rel}","templated":true}]}}